{"id":250,"date":"2024-05-31T01:09:50","date_gmt":"2024-05-31T01:09:50","guid":{"rendered":"https:\/\/luyenkim.com.vn\/?page_id=250"},"modified":"2024-06-04T07:54:32","modified_gmt":"2024-06-04T07:54:32","slug":"tin-tuc","status":"publish","type":"page","link":"https:\/\/luyenkim.com.vn\/index.php\/tin-tuc\/","title":{"rendered":"Tin t\u1ee9c"},"content":{"rendered":"\n  <style>\n    #row-1853789075 .grid-col-1{height: 500px}\n    #row-1853789075 .grid-col-1-2{height: 250px}\n    #row-1853789075 .grid-col-1-3{height:166.66666666667px}\n    #row-1853789075 .grid-col-2-3{height: 333.33333333333px}\n    #row-1853789075 .grid-col-1-4{height: 125px}\n    #row-1853789075 .grid-col-3-4{height: 375px}\n\n\n        \/* Tablet *\/\n    @media (max-width: 850px){\n      #row-1853789075 .grid-col-1{height: 333.33333333333px}\n      #row-1853789075 .grid-col-1-2{height: 166.66666666667px}\n      #row-1853789075 .grid-col-1-3{height:111.11111111111px}\n      #row-1853789075 .grid-col-2-3{height: 222.22222222222px}\n      #row-1853789075 .grid-col-1-4{height: 83.333333333333px}\n      #row-1853789075 .grid-col-3-4{height: 250px}\n    }\n    \n        \/* Mobile *\/\n    @media (max-width: 550px){\n      #row-1853789075 .grid-col-1{height: 333.33333333333px}\n      #row-1853789075 .grid-col-1-2{height: 166.66666666667px}\n      #row-1853789075 .grid-col-1-3{height:111.11111111111px}\n      #row-1853789075 .grid-col-2-3{height: 222.22222222222px}\n      #row-1853789075 .grid-col-1-4{height: 83.333333333333px}\n      #row-1853789075 .grid-col-3-4{height: 250px}\n    }\n    \n\n  <\/style>\n  \n  \n    <div id=\"row-1853789075\" class=\"row row-small has-shadow row-box-shadow-4 row-box-shadow-1-hover row-grid\" data-packery-options='{\"itemSelector\": \".col\", \"gutter\": 0, \"presentageWidth\" : true}'>\n\n  <div class=\"col post-item grid-col grid-col-1 large-3 medium-6\" >\n\t\t\t<div class=\"col-inner\">\n\t\t\t\t<div class=\"box box-default box-text-bottom box-blog-post has-hover\">\n            \t\t\t\t\t<div class=\"box-image\" >\n  \t\t\t\t\t\t<div class=\"image-cover\" style=\"padding-top:56%;\">\n\t\t\t\t\t\t\t<a href=\"https:\/\/luyenkim.com.vn\/index.php\/2024\/05\/31\/gach-dac-va-kich-thuoc-gach-dac-moi-chinh-xac-nhat\/\" class=\"plain\" aria-label=\"G\u1ea1ch \u0110\u1eb7c V\u00e0 K\u00edch Th\u01b0\u1edbc G\u1ea1ch \u0110\u1eb7c M\u1edbi Ch\u00ednh X\u00e1c Nh\u1ea5t\">\n\t\t\t\t\t\t\t\t<img loading=\"lazy\" decoding=\"async\" width=\"1008\" height=\"679\" src=\"https:\/\/luyenkim.com.vn\/wp-content\/uploads\/2024\/05\/8-3Cxiezhuandabaoji-1.webp\" class=\"attachment-large size-large wp-post-image\" alt=\"\" srcset=\"https:\/\/luyenkim.com.vn\/wp-content\/uploads\/2024\/05\/8-3Cxiezhuandabaoji-1.webp 1008w, https:\/\/luyenkim.com.vn\/wp-content\/uploads\/2024\/05\/8-3Cxiezhuandabaoji-1-300x202.webp 300w, https:\/\/luyenkim.com.vn\/wp-content\/uploads\/2024\/05\/8-3Cxiezhuandabaoji-1-768x517.webp 768w, https:\/\/luyenkim.com.vn\/wp-content\/uploads\/2024\/05\/8-3Cxiezhuandabaoji-1-600x404.webp 600w\" sizes=\"(max-width: 1008px) 100vw, 1008px\" \/>\t\t\t\t\t\t\t<\/a>\n  \t\t\t\t\t\t\t  \t\t\t\t\t\t\t  \t\t\t\t\t\t<\/div>\n  \t\t\t\t\t\t  \t\t\t\t\t<\/div>\n          \t\t\t\t\t<div class=\"box-text text-center\" >\n\t\t\t\t\t<div class=\"box-text-inner blog-post-inner\">\n\n\t\t\t\t\t\n\t\t\t\t\t\t\t\t\t\t<h5 class=\"post-title is-large \">\n\t\t\t\t\t\t<a href=\"https:\/\/luyenkim.com.vn\/index.php\/2024\/05\/31\/gach-dac-va-kich-thuoc-gach-dac-moi-chinh-xac-nhat\/\" class=\"plain\">G\u1ea1ch \u0110\u1eb7c V\u00e0 K\u00edch Th\u01b0\u1edbc G\u1ea1ch \u0110\u1eb7c M\u1edbi Ch\u00ednh X\u00e1c Nh\u1ea5t<\/a>\n\t\t\t\t\t<\/h5>\n\t\t\t\t\t\t\t\t\t\t<div class=\"is-divider\"><\/div>\n\t\t\t\t\t\t\t\t\t\t<p class=\"from_the_blog_excerpt \">\u0110\u00e2y l\u00e0 lo\u1ea1i v\u1eadt li\u1ec7u x\u00e2y d\u1ef1ng kh\u00e1 quen thu\u1ed9c \u0111\u1ed1i v\u1edbi nhi\u1ec1u ng\u01b0\u1eddi v\u1edbi [...]\t\t\t\t\t<\/p>\n\t\t\t\t\t                    \n\t\t\t\t\t\n\t\t\t\t\t\n\t\t\t\t\t<\/div>\n\t\t\t\t\t<\/div>\n\t\t\t\t\t\t\t\t\t\t\t\t\t\t\t\t<div class=\"badge absolute top post-date badge-outline\">\n\t\t\t\t\t\t\t<div class=\"badge-inner\">\n\t\t\t\t\t\t\t\t<span class=\"post-date-day\">31<\/span><br>\n\t\t\t\t\t\t\t\t<span class=\"post-date-month is-xsmall\">Th5<\/span>\n\t\t\t\t\t\t\t<\/div>\n\t\t\t\t\t\t<\/div>\n\t\t\t\t\t\t\t\t\t<\/div>\n\t\t\t<\/div>\n\t\t<\/div><div class=\"col post-item grid-col grid-col-1 large-3 medium-6\" >\n\t\t\t<div class=\"col-inner\">\n\t\t\t\t<div class=\"box box-default box-text-bottom box-blog-post has-hover\">\n            \t\t\t\t\t<div class=\"box-image\" >\n  \t\t\t\t\t\t<div class=\"image-cover\" style=\"padding-top:56%;\">\n\t\t\t\t\t\t\t<a href=\"https:\/\/luyenkim.com.vn\/index.php\/2024\/05\/31\/tong-hop-kien-thuc-ve-gach-tuynel\/\" class=\"plain\" aria-label=\"T\u1ed5ng h\u1ee3p ki\u1ebfn th\u1ee9c v\u1ec1 g\u1ea1ch tuynel\">\n\t\t\t\t\t\t\t\t<img loading=\"lazy\" decoding=\"async\" width=\"768\" height=\"1024\" src=\"https:\/\/luyenkim.com.vn\/wp-content\/uploads\/2024\/05\/z5493103764545_85532005ca219f6e570b23bc8a606252-768x1024.jpg\" class=\"attachment-large size-large wp-post-image\" alt=\"\" srcset=\"https:\/\/luyenkim.com.vn\/wp-content\/uploads\/2024\/05\/z5493103764545_85532005ca219f6e570b23bc8a606252-768x1024.jpg 768w, https:\/\/luyenkim.com.vn\/wp-content\/uploads\/2024\/05\/z5493103764545_85532005ca219f6e570b23bc8a606252-225x300.jpg 225w, https:\/\/luyenkim.com.vn\/wp-content\/uploads\/2024\/05\/z5493103764545_85532005ca219f6e570b23bc8a606252-600x800.jpg 600w, https:\/\/luyenkim.com.vn\/wp-content\/uploads\/2024\/05\/z5493103764545_85532005ca219f6e570b23bc8a606252.jpg 960w\" sizes=\"(max-width: 768px) 100vw, 768px\" \/>\t\t\t\t\t\t\t<\/a>\n  \t\t\t\t\t\t\t  \t\t\t\t\t\t\t  \t\t\t\t\t\t<\/div>\n  \t\t\t\t\t\t  \t\t\t\t\t<\/div>\n          \t\t\t\t\t<div class=\"box-text text-center\" >\n\t\t\t\t\t<div class=\"box-text-inner blog-post-inner\">\n\n\t\t\t\t\t\n\t\t\t\t\t\t\t\t\t\t<h5 class=\"post-title is-large \">\n\t\t\t\t\t\t<a href=\"https:\/\/luyenkim.com.vn\/index.php\/2024\/05\/31\/tong-hop-kien-thuc-ve-gach-tuynel\/\" class=\"plain\">T\u1ed5ng h\u1ee3p ki\u1ebfn th\u1ee9c v\u1ec1 g\u1ea1ch tuynel<\/a>\n\t\t\t\t\t<\/h5>\n\t\t\t\t\t\t\t\t\t\t<div class=\"is-divider\"><\/div>\n\t\t\t\t\t\t\t\t\t\t<p class=\"from_the_blog_excerpt \">G\u1ea1ch nung&nbsp;l\u00e0 lo\u1ea1i g\u1ea1ch \u0111\u01b0\u1ee3c s\u1eed d\u1ee5ng ph\u1ed5 bi\u1ebfn hi\u1ec7n nay, m\u1ed9t trong nh\u1eefng s\u1ea3n [...]\t\t\t\t\t<\/p>\n\t\t\t\t\t                    \n\t\t\t\t\t\n\t\t\t\t\t\n\t\t\t\t\t<\/div>\n\t\t\t\t\t<\/div>\n\t\t\t\t\t\t\t\t\t\t\t\t\t\t\t\t<div class=\"badge absolute top post-date badge-outline\">\n\t\t\t\t\t\t\t<div class=\"badge-inner\">\n\t\t\t\t\t\t\t\t<span class=\"post-date-day\">31<\/span><br>\n\t\t\t\t\t\t\t\t<span class=\"post-date-month is-xsmall\">Th5<\/span>\n\t\t\t\t\t\t\t<\/div>\n\t\t\t\t\t\t<\/div>\n\t\t\t\t\t\t\t\t\t<\/div>\n\t\t\t<\/div>\n\t\t<\/div><div class=\"col post-item grid-col grid-col-1 large-3 medium-6\" >\n\t\t\t<div class=\"col-inner\">\n\t\t\t\t<div class=\"box box-default box-text-bottom box-blog-post has-hover\">\n            \t\t\t\t\t<div class=\"box-image\" >\n  \t\t\t\t\t\t<div class=\"image-cover\" style=\"padding-top:56%;\">\n\t\t\t\t\t\t\t<a href=\"https:\/\/luyenkim.com.vn\/index.php\/2024\/06\/04\/313\/\" class=\"plain\" aria-label=\"\u0110\u1ed8NG C\u01a0 BLDC L\u00c0 G\u00cc? T\u1ea0I SAO N\u00caN S\u1eec D\u1ee4NG \u0110\u1ed8NG C\u01a0 BLDC TRONG QU\u1ea0T?\">\n\t\t\t\t\t\t\t\t<img loading=\"lazy\" decoding=\"async\" width=\"530\" height=\"1024\" src=\"https:\/\/luyenkim.com.vn\/wp-content\/uploads\/2024\/03\/9-530x1024.jpg\" class=\"attachment-large size-large wp-post-image\" alt=\"\" srcset=\"https:\/\/luyenkim.com.vn\/wp-content\/uploads\/2024\/03\/9-530x1024.jpg 530w, https:\/\/luyenkim.com.vn\/wp-content\/uploads\/2024\/03\/9-155x300.jpg 155w, https:\/\/luyenkim.com.vn\/wp-content\/uploads\/2024\/03\/9-600x1160.jpg 600w, https:\/\/luyenkim.com.vn\/wp-content\/uploads\/2024\/03\/9-e1711419745785.jpg 466w\" sizes=\"(max-width: 530px) 100vw, 530px\" \/>\t\t\t\t\t\t\t<\/a>\n  \t\t\t\t\t\t\t  \t\t\t\t\t\t\t  \t\t\t\t\t\t<\/div>\n  \t\t\t\t\t\t  \t\t\t\t\t<\/div>\n          \t\t\t\t\t<div class=\"box-text text-center\" >\n\t\t\t\t\t<div class=\"box-text-inner blog-post-inner\">\n\n\t\t\t\t\t\n\t\t\t\t\t\t\t\t\t\t<h5 class=\"post-title is-large \">\n\t\t\t\t\t\t<a href=\"https:\/\/luyenkim.com.vn\/index.php\/2024\/06\/04\/313\/\" class=\"plain\">\u0110\u1ed8NG C\u01a0 BLDC L\u00c0 G\u00cc? T\u1ea0I SAO N\u00caN S\u1eec D\u1ee4NG \u0110\u1ed8NG C\u01a0 BLDC TRONG QU\u1ea0T?<\/a>\n\t\t\t\t\t<\/h5>\n\t\t\t\t\t\t\t\t\t\t<div class=\"is-divider\"><\/div>\n\t\t\t\t\t\t\t\t\t\t<p class=\"from_the_blog_excerpt \"> [...]\t\t\t\t\t<\/p>\n\t\t\t\t\t                    \n\t\t\t\t\t\n\t\t\t\t\t\n\t\t\t\t\t<\/div>\n\t\t\t\t\t<\/div>\n\t\t\t\t\t\t\t\t\t\t\t\t\t\t\t\t<div class=\"badge absolute top post-date badge-outline\">\n\t\t\t\t\t\t\t<div class=\"badge-inner\">\n\t\t\t\t\t\t\t\t<span class=\"post-date-day\">04<\/span><br>\n\t\t\t\t\t\t\t\t<span class=\"post-date-month is-xsmall\">Th6<\/span>\n\t\t\t\t\t\t\t<\/div>\n\t\t\t\t\t\t<\/div>\n\t\t\t\t\t\t\t\t\t<\/div>\n\t\t\t<\/div>\n\t\t<\/div><\/div>\n\n\n","protected":false},"excerpt":{"rendered":"","protected":false},"author":1,"featured_media":0,"parent":0,"menu_order":0,"comment_status":"closed","ping_status":"closed","template":"","meta":{"om_disable_all_campaigns":false,"_monsterinsights_skip_tracking":false,"_monsterinsights_sitenote_active":false,"_monsterinsights_sitenote_note":"","_monsterinsights_sitenote_category":0,"_uf_show_specific_survey":0,"_uf_disable_surveys":false,"footnotes":""},"aioseo_notices":[],"jetpack_sharing_enabled":true,"_links":{"self":[{"href":"https:\/\/luyenkim.com.vn\/index.php\/wp-json\/wp\/v2\/pages\/250"}],"collection":[{"href":"https:\/\/luyenkim.com.vn\/index.php\/wp-json\/wp\/v2\/pages"}],"about":[{"href":"https:\/\/luyenkim.com.vn\/index.php\/wp-json\/wp\/v2\/types\/page"}],"author":[{"embeddable":true,"href":"https:\/\/luyenkim.com.vn\/index.php\/wp-json\/wp\/v2\/users\/1"}],"replies":[{"embeddable":true,"href":"https:\/\/luyenkim.com.vn\/index.php\/wp-json\/wp\/v2\/comments?post=250"}],"version-history":[{"count":6,"href":"https:\/\/luyenkim.com.vn\/index.php\/wp-json\/wp\/v2\/pages\/250\/revisions"}],"predecessor-version":[{"id":318,"href":"https:\/\/luyenkim.com.vn\/index.php\/wp-json\/wp\/v2\/pages\/250\/revisions\/318"}],"wp:attachment":[{"href":"https:\/\/luyenkim.com.vn\/index.php\/wp-json\/wp\/v2\/media?parent=250"}],"curies":[{"name":"wp","href":"https:\/\/api.w.org\/{rel}","templated":true}]}}