{"id":64,"date":"2024-03-17T07:59:16","date_gmt":"2024-03-17T07:59:16","guid":{"rendered":"https:\/\/luyenkim.com.vn\/?page_id=64"},"modified":"2024-06-06T01:21:04","modified_gmt":"2024-06-06T01:21:04","slug":"du-an-da-thuc-hien","status":"publish","type":"page","link":"https:\/\/luyenkim.com.vn\/index.php\/du-an-da-thuc-hien\/","title":{"rendered":"D\u1ef1 \u00e1n \u0111\u00e3 th\u1ef1c hi\u1ec7n"},"content":{"rendered":"\n\t<div id=\"text-3856041314\" class=\"text\">\n\t\t\n\n<h2 id=\"element_1667545391293\" class=\"element\"><span style=\"color: #ff0000;\">D\u1ef1 \u00e1n h\u1ec7 th\u1ed1ng robot <\/span><span style=\"color: #ff0000;\">\u200cg\u1eafp g\u1ea1ch m\u1ed9c<\/span><\/h2>\n\t\t\n<style>\n#text-3856041314 {\n  text-align: center;\n}\n<\/style>\n\t<\/div>\n\t\n<div class=\"text-center\"><div class=\"is-divider divider clearfix\" style=\"margin-top:10px;margin-bottom:10px;max-width:300px;background-color:rgb(219, 202, 61);\"><\/div><\/div>\n\n\n  \n    <div id=\"row-1726061770\" class=\"row large-columns-3 medium-columns- small-columns-1 row-full-width has-shadow row-box-shadow-3 row-masonry\" data-packery-options='{\"itemSelector\": \".col\", \"gutter\": 0, \"presentageWidth\" : true}'>\n\n  <div class=\"col post-item\" >\n\t\t\t<div class=\"col-inner\">\n\t\t\t\t<div class=\"box box-default box-text-bottom box-blog-post has-hover\">\n            \t\t\t\t\t<div class=\"box-image\" >\n  \t\t\t\t\t\t<div class=\"image-cover\" style=\"padding-top:350px;\">\n\t\t\t\t\t\t\t<a href=\"https:\/\/luyenkim.com.vn\/index.php\/2024\/05\/31\/he-thong-robot-gap-gach-moc-tai-bao-lac-cao-bang\/\" class=\"plain\" aria-label=\"H\u1ec7 th\u1ed1ng robot g\u1eafp g\u1ea1ch m\u1ed9c t\u1ea1i B\u1ea3o L\u1ea1c &#8211; Cao B\u1eb1ng\">\n\t\t\t\t\t\t\t\t<img loading=\"lazy\" decoding=\"async\" width=\"225\" height=\"300\" src=\"https:\/\/luyenkim.com.vn\/wp-content\/uploads\/2024\/05\/z5493103764545_85532005ca219f6e570b23bc8a606252-1-225x300.jpg\" class=\"attachment-medium size-medium wp-post-image\" alt=\"\" srcset=\"https:\/\/luyenkim.com.vn\/wp-content\/uploads\/2024\/05\/z5493103764545_85532005ca219f6e570b23bc8a606252-1-225x300.jpg 225w, https:\/\/luyenkim.com.vn\/wp-content\/uploads\/2024\/05\/z5493103764545_85532005ca219f6e570b23bc8a606252-1-768x1024.jpg 768w, https:\/\/luyenkim.com.vn\/wp-content\/uploads\/2024\/05\/z5493103764545_85532005ca219f6e570b23bc8a606252-1-600x800.jpg 600w, https:\/\/luyenkim.com.vn\/wp-content\/uploads\/2024\/05\/z5493103764545_85532005ca219f6e570b23bc8a606252-1.jpg 960w\" sizes=\"(max-width: 225px) 100vw, 225px\" \/>\t\t\t\t\t\t\t<\/a>\n  \t\t\t\t\t\t\t  \t\t\t\t\t\t\t  \t\t\t\t\t\t<\/div>\n  \t\t\t\t\t\t  \t\t\t\t\t<\/div>\n          \t\t\t\t\t<div class=\"box-text text-center\" >\n\t\t\t\t\t<div class=\"box-text-inner blog-post-inner\">\n\n\t\t\t\t\t\n\t\t\t\t\t\t\t\t\t\t<h5 class=\"post-title is-large \">\n\t\t\t\t\t\t<a href=\"https:\/\/luyenkim.com.vn\/index.php\/2024\/05\/31\/he-thong-robot-gap-gach-moc-tai-bao-lac-cao-bang\/\" class=\"plain\">H\u1ec7 th\u1ed1ng robot g\u1eafp g\u1ea1ch m\u1ed9c t\u1ea1i B\u1ea3o L\u1ea1c &#8211; Cao B\u1eb1ng<\/a>\n\t\t\t\t\t<\/h5>\n\t\t\t\t\t\t\t\t\t\t<div class=\"is-divider\"><\/div>\n\t\t\t\t\t\t\t\t\t\t<p class=\"from_the_blog_excerpt \">L\u00f2: L\u00f2 tuynel, r\u1ed9ng: 2 x 2m; Thi\u1ebft b\u1ecb b\u1ed1c x\u1ebfp: B\u00e0n t\u1ed5 h\u1ee3p \u0111\u01a1n, 01 robot 800 kg, h\u1ec7 th\u1ed1ng k\u00e9o [...]\t\t\t\t\t<\/p>\n\t\t\t\t\t                    \n\t\t\t\t\t\n\t\t\t\t\t\n\t\t\t\t\t<\/div>\n\t\t\t\t\t<\/div>\n\t\t\t\t\t\t\t\t\t\t\t\t\t\t\t\t<div class=\"badge absolute top post-date badge-outline\">\n\t\t\t\t\t\t\t<div class=\"badge-inner\">\n\t\t\t\t\t\t\t\t<span class=\"post-date-day\">31<\/span><br>\n\t\t\t\t\t\t\t\t<span class=\"post-date-month is-xsmall\">Th5<\/span>\n\t\t\t\t\t\t\t<\/div>\n\t\t\t\t\t\t<\/div>\n\t\t\t\t\t\t\t\t\t<\/div>\n\t\t\t<\/div>\n\t\t<\/div><div class=\"col post-item\" >\n\t\t\t<div class=\"col-inner\">\n\t\t\t\t<div class=\"box box-default box-text-bottom box-blog-post has-hover\">\n            \t\t\t\t\t<div class=\"box-image\" >\n  \t\t\t\t\t\t<div class=\"image-cover\" style=\"padding-top:350px;\">\n\t\t\t\t\t\t\t<a href=\"https:\/\/luyenkim.com.vn\/index.php\/2024\/05\/31\/he-thong-robot-gap-gach-moc-tai-vien-chau-tp-tuyen-quang\/\" class=\"plain\" aria-label=\"H\u1ec7 th\u1ed1ng robot g\u1eafp g\u1ea1ch m\u1ed9c t\u1ea1i Vi\u00ean Ch\u00e2u &#8211; Tp Tuy\u00ean Quang\">\n\t\t\t\t\t\t\t\t<img loading=\"lazy\" decoding=\"async\" width=\"225\" height=\"300\" src=\"https:\/\/luyenkim.com.vn\/wp-content\/uploads\/2024\/05\/z5493212097042_9203ff0b9833645bf45b422027e52b67-225x300.jpg\" class=\"attachment-medium size-medium wp-post-image\" alt=\"\" srcset=\"https:\/\/luyenkim.com.vn\/wp-content\/uploads\/2024\/05\/z5493212097042_9203ff0b9833645bf45b422027e52b67-225x300.jpg 225w, https:\/\/luyenkim.com.vn\/wp-content\/uploads\/2024\/05\/z5493212097042_9203ff0b9833645bf45b422027e52b67-767x1024.jpg 767w, https:\/\/luyenkim.com.vn\/wp-content\/uploads\/2024\/05\/z5493212097042_9203ff0b9833645bf45b422027e52b67-768x1025.jpg 768w, https:\/\/luyenkim.com.vn\/wp-content\/uploads\/2024\/05\/z5493212097042_9203ff0b9833645bf45b422027e52b67-600x801.jpg 600w, https:\/\/luyenkim.com.vn\/wp-content\/uploads\/2024\/05\/z5493212097042_9203ff0b9833645bf45b422027e52b67.jpg 956w\" sizes=\"(max-width: 225px) 100vw, 225px\" \/>\t\t\t\t\t\t\t<\/a>\n  \t\t\t\t\t\t\t  \t\t\t\t\t\t\t  \t\t\t\t\t\t<\/div>\n  \t\t\t\t\t\t  \t\t\t\t\t<\/div>\n          \t\t\t\t\t<div class=\"box-text text-center\" >\n\t\t\t\t\t<div class=\"box-text-inner blog-post-inner\">\n\n\t\t\t\t\t\n\t\t\t\t\t\t\t\t\t\t<h5 class=\"post-title is-large \">\n\t\t\t\t\t\t<a href=\"https:\/\/luyenkim.com.vn\/index.php\/2024\/05\/31\/he-thong-robot-gap-gach-moc-tai-vien-chau-tp-tuyen-quang\/\" class=\"plain\">H\u1ec7 th\u1ed1ng robot g\u1eafp g\u1ea1ch m\u1ed9c t\u1ea1i Vi\u00ean Ch\u00e2u &#8211; Tp Tuy\u00ean Quang<\/a>\n\t\t\t\t\t<\/h5>\n\t\t\t\t\t\t\t\t\t\t<div class=\"is-divider\"><\/div>\n\t\t\t\t\t\t\t\t\t\t<p class=\"from_the_blog_excerpt \">L\u00f2: L\u00f2 tuynel, r\u1ed9ng: 3.6 x 3.6m; Thi\u1ebft b\u1ecb b\u1ed1c x\u1ebfp: B\u00e0n t\u1ed5 h\u1ee3p \u0111\u01a1n, 01 robot 800 kg, h\u1ec7 th\u1ed1ng k\u00e9o [...]\t\t\t\t\t<\/p>\n\t\t\t\t\t                    \n\t\t\t\t\t\n\t\t\t\t\t\n\t\t\t\t\t<\/div>\n\t\t\t\t\t<\/div>\n\t\t\t\t\t\t\t\t\t\t\t\t\t\t\t\t<div class=\"badge absolute top post-date badge-outline\">\n\t\t\t\t\t\t\t<div class=\"badge-inner\">\n\t\t\t\t\t\t\t\t<span class=\"post-date-day\">31<\/span><br>\n\t\t\t\t\t\t\t\t<span class=\"post-date-month is-xsmall\">Th5<\/span>\n\t\t\t\t\t\t\t<\/div>\n\t\t\t\t\t\t<\/div>\n\t\t\t\t\t\t\t\t\t<\/div>\n\t\t\t<\/div>\n\t\t<\/div><\/div>\n\n\t<div id=\"text-43731687\" class=\"text\">\n\t\t\n\n<h2 id=\"element_1667545391293\" class=\"element\"><span style=\"color: #ff0000;\">D\u1ef1 \u00e1n l\u1eafp \u0111\u1eb7t v\u00e0 cung c\u1ea5p thi\u1ebft b\u1ecb m\u00e1y m\u00f3c<\/span><\/h2>\n\t\t\n<style>\n#text-43731687 {\n  text-align: center;\n}\n<\/style>\n\t<\/div>\n\t\n<div class=\"text-center\"><div class=\"is-divider divider clearfix\" style=\"margin-top:10px;margin-bottom:10px;max-width:300px;background-color:rgb(219, 202, 61);\"><\/div><\/div>\n\n\n","protected":false},"excerpt":{"rendered":"","protected":false},"author":1,"featured_media":0,"parent":0,"menu_order":0,"comment_status":"closed","ping_status":"closed","template":"","meta":{"om_disable_all_campaigns":false,"_monsterinsights_skip_tracking":false,"_monsterinsights_sitenote_active":false,"_monsterinsights_sitenote_note":"","_monsterinsights_sitenote_category":0,"_uf_show_specific_survey":0,"_uf_disable_surveys":false,"footnotes":""},"aioseo_notices":[],"jetpack_sharing_enabled":true,"_links":{"self":[{"href":"https:\/\/luyenkim.com.vn\/index.php\/wp-json\/wp\/v2\/pages\/64"}],"collection":[{"href":"https:\/\/luyenkim.com.vn\/index.php\/wp-json\/wp\/v2\/pages"}],"about":[{"href":"https:\/\/luyenkim.com.vn\/index.php\/wp-json\/wp\/v2\/types\/page"}],"author":[{"embeddable":true,"href":"https:\/\/luyenkim.com.vn\/index.php\/wp-json\/wp\/v2\/users\/1"}],"replies":[{"embeddable":true,"href":"https:\/\/luyenkim.com.vn\/index.php\/wp-json\/wp\/v2\/comments?post=64"}],"version-history":[{"count":15,"href":"https:\/\/luyenkim.com.vn\/index.php\/wp-json\/wp\/v2\/pages\/64\/revisions"}],"predecessor-version":[{"id":322,"href":"https:\/\/luyenkim.com.vn\/index.php\/wp-json\/wp\/v2\/pages\/64\/revisions\/322"}],"wp:attachment":[{"href":"https:\/\/luyenkim.com.vn\/index.php\/wp-json\/wp\/v2\/media?parent=64"}],"curies":[{"name":"wp","href":"https:\/\/api.w.org\/{rel}","templated":true}]}}