{"id":169,"date":"2024-03-19T16:31:56","date_gmt":"2024-03-19T16:31:56","guid":{"rendered":"https:\/\/luyenkim.com.vn\/?post_type=product&#038;p=169"},"modified":"2026-02-24T23:08:46","modified_gmt":"2026-02-24T23:08:46","slug":"robot-gap-gach-evs-qjar","status":"publish","type":"product","link":"https:\/\/luyenkim.com.vn\/index.php\/product\/robot-gap-gach-evs-qjar\/","title":{"rendered":"Robot G\u1eafp g\u1ea1ch Evs-Qjar"},"content":{"rendered":"<h3>Gi\u1edbi thi\u1ec7u ng\u1eafn g\u1ecdn<\/h3>\n<p>Robot x\u1ebfp g\u1ea1c t\u1ea3i tr\u1ecdng cao cho m\u1ee5c \u0111\u00edch \u0111\u1eb7c bi\u1ec7t, t\u1ed1c \u0111\u1ed9 cao v\u00e0 \u1ed5n \u0111\u1ecbnh, t\u1ea5t c\u1ea3 c\u00e1c tr\u1ee5c ho\u1ea1t \u0111\u1ed9ng \u1edf c\u00f4ng su\u1ea5t \u0111\u1ea7u ra l\u1edbn,ti\u00eau th\u1ee5 \u0111i\u1ec7n n\u0103ng th\u1ea5p, k\u1ebft c\u1ea5u thi\u1ebft b\u1ecb \u0111\u01a1n gi\u1ea3n<\/p>\n<h3>Chi ti\u1ebft k\u1ef9 thu\u1eadt<\/h3>\n<table border=\"1\">\n<tbody>\n<tr>\n<td colspan=\"2\">M\u00f4 h\u00ecnh<\/td>\n<td>QJRB800-1<\/td>\n<\/tr>\n<tr>\n<td colspan=\"2\">S\u1ed1 tr\u1ee5c<\/td>\n<td>4<\/td>\n<\/tr>\n<tr>\n<td colspan=\"2\">T\u1ea3i tr\u1ecdng<\/td>\n<td>800kg<\/td>\n<\/tr>\n<tr>\n<td colspan=\"2\">\u0110\u1ed9 sai l\u1ec7ch<\/td>\n<td>\u00b1 0.5mm<\/td>\n<\/tr>\n<tr>\n<td colspan=\"2\">S\u1ea3i tay t\u1ed1i \u0111a<\/td>\n<td>3159mm<\/td>\n<\/tr>\n<tr>\n<td rowspan=\"6\">Ph\u1ea1m vi chuy\u1ec3n \u0111\u1ed9ng<\/td>\n<td>J1<\/td>\n<td>\u00b1 185\u00ba<\/td>\n<\/tr>\n<tr>\n<td>J2<\/td>\n<td>\ufe6295\u00b0,\ufe6348\u00b0<\/td>\n<\/tr>\n<tr>\n<td>J3<\/td>\n<td>\ufe62112\u00b0,\ufe6317.5\u00b0<\/td>\n<\/tr>\n<tr>\n<td>J4<\/td>\n<td>\u00b1 360\u00ba<\/td>\n<\/tr>\n<tr>\n<td>J5<\/td>\n<td>_<\/td>\n<\/tr>\n<tr>\n<td>J6<\/td>\n<td>_<\/td>\n<\/tr>\n<tr>\n<td rowspan=\"6\">T\u1ed1c \u0111\u1ed9 t\u1ed1i \u0111a<\/td>\n<td>J1<\/td>\n<td>65 \u0111\u1ed9\/gi\u00e2y<\/td>\n<\/tr>\n<tr>\n<td>J2<\/td>\n<td>65 \u0111\u1ed9\/gi\u00e2y<\/td>\n<\/tr>\n<tr>\n<td>J3<\/td>\n<td>65 \u0111\u1ed9\/gi\u00e2y<\/td>\n<\/tr>\n<tr>\n<td>J4<\/td>\n<td>115 \u0111\u1ed9\/gi\u00e2y<\/td>\n<\/tr>\n<tr>\n<td>J5<\/td>\n<td>_<\/td>\n<\/tr>\n<tr>\n<td>J6<\/td>\n<td>_<\/td>\n<\/tr>\n<tr>\n<td rowspan=\"3\">M\u00f4 men xo\u1eafn cho ph\u00e9p<\/td>\n<td>J4<\/td>\n<td>_<\/td>\n<\/tr>\n<tr>\n<td>J5<\/td>\n<td>_<\/td>\n<\/tr>\n<tr>\n<td>J6<\/td>\n<td>_<\/td>\n<\/tr>\n<tr>\n<td rowspan=\"3\">Th\u1eddi \u0111i\u1ec3m qu\u00e1n t\u00ednh<\/td>\n<td>J4<\/td>\n<td>340kg.mXNUMX<\/td>\n<\/tr>\n<tr>\n<td>J5<\/td>\n<td>_<\/td>\n<\/tr>\n<tr>\n<td>J6<\/td>\n<td>_<\/td>\n<\/tr>\n<tr>\n<td colspan=\"2\">Tr\u1ecdng l\u01b0\u1ee3ng robot<\/td>\n<td>2550kg<\/td>\n<\/tr>\n<tr>\n<td colspan=\"2\">C\u00f4ng su\u1ea5t \u0111i\u1ec7n<\/td>\n<td>23kVA<\/td>\n<\/tr>\n<tr>\n<td colspan=\"2\">N\u1ed9i K\u00edch<\/td>\n<td>650 * 750 * 1150mm<\/td>\n<\/tr>\n<tr>\n<td colspan=\"2\">T\u1ee7 Tr\u1ecdng l\u01b0\u1ee3ng<\/td>\n<td>140kg<\/td>\n<\/tr>\n<tr>\n<td colspan=\"2\">ngu\u1ed3n<\/td>\n<td>Ba pha n\u0103m d\u00e2y<\/td>\n<\/tr>\n<tr>\n<td colspan=\"2\">\u00a0<\/td>\n<td>\u00a0<\/td>\n<\/tr>\n<\/tbody>\n<\/table>\n","protected":false},"excerpt":{"rendered":"<p>Gi\u1edbi thi\u1ec7u ng\u1eafn g\u1ecdn Robot x\u1ebfp g\u1ea1c t\u1ea3i tr\u1ecdng cao cho m\u1ee5c \u0111\u00edch \u0111\u1eb7c bi\u1ec7t, t\u1ed1c \u0111\u1ed9 cao v\u00e0 \u1ed5n \u0111\u1ecbnh, t\u1ea5t c\u1ea3 c\u00e1c tr\u1ee5c ho\u1ea1t \u0111\u1ed9ng \u1edf c\u00f4ng su\u1ea5t \u0111\u1ea7u ra l\u1edbn,ti\u00eau th\u1ee5 \u0111i\u1ec7n n\u0103ng th\u1ea5p, k\u1ebft c\u1ea5u thi\u1ebft b\u1ecb \u0111\u01a1n gi\u1ea3n Chi ti\u1ebft k\u1ef9 thu\u1eadt M\u00f4 h\u00ecnh QJRB800-1 S\u1ed1 tr\u1ee5c 4 T\u1ea3i tr\u1ecdng [&#8230;]\n","protected":false},"featured_media":114,"comment_status":"open","ping_status":"closed","template":"","meta":{"om_disable_all_campaigns":false,"_monsterinsights_skip_tracking":false,"_monsterinsights_sitenote_active":false,"_monsterinsights_sitenote_note":"","_monsterinsights_sitenote_category":0,"_uf_show_specific_survey":0,"_uf_disable_surveys":false},"product_cat":[21],"product_tag":[],"aioseo_notices":[],"jetpack_sharing_enabled":true,"_links":{"self":[{"href":"https:\/\/luyenkim.com.vn\/index.php\/wp-json\/wp\/v2\/product\/169"}],"collection":[{"href":"https:\/\/luyenkim.com.vn\/index.php\/wp-json\/wp\/v2\/product"}],"about":[{"href":"https:\/\/luyenkim.com.vn\/index.php\/wp-json\/wp\/v2\/types\/product"}],"replies":[{"embeddable":true,"href":"https:\/\/luyenkim.com.vn\/index.php\/wp-json\/wp\/v2\/comments?post=169"}],"wp:featuredmedia":[{"embeddable":true,"href":"https:\/\/luyenkim.com.vn\/index.php\/wp-json\/wp\/v2\/media\/114"}],"wp:attachment":[{"href":"https:\/\/luyenkim.com.vn\/index.php\/wp-json\/wp\/v2\/media?parent=169"}],"wp:term":[{"taxonomy":"product_cat","embeddable":true,"href":"https:\/\/luyenkim.com.vn\/index.php\/wp-json\/wp\/v2\/product_cat?post=169"},{"taxonomy":"product_tag","embeddable":true,"href":"https:\/\/luyenkim.com.vn\/index.php\/wp-json\/wp\/v2\/product_tag?post=169"}],"curies":[{"name":"wp","href":"https:\/\/api.w.org\/{rel}","templated":true}]}}