{"id":171,"date":"2024-03-19T16:33:45","date_gmt":"2024-03-19T16:33:45","guid":{"rendered":"https:\/\/luyenkim.com.vn\/?post_type=product&#038;p=171"},"modified":"2026-04-03T02:04:59","modified_gmt":"2026-04-03T02:04:59","slug":"may-nhao-tron","status":"publish","type":"product","link":"https:\/\/luyenkim.com.vn\/index.php\/product\/may-nhao-tron\/","title":{"rendered":"M\u00e1y nh\u00e0o tr\u1ed9n 2 tr\u1ee5c"},"content":{"rendered":"","protected":false},"excerpt":{"rendered":"<div class=\"edit element\">\n<p id=\"element_1669096831224\" class=\"element\">M\u00e1y n\u00e0y th\u00edch h\u1ee3p d\u00f9ng cho vi\u1ec7c tr\u1ed9n v\u00e0 nghi\u1ec1n th\u00f4 c\u00e1c lo\u1ea1i nguy\u00ean li\u1ec7u r\u1eafn. \u0110\u1eb7c bi\u1ec7t ph\u00f9 h\u1ee3p v\u1edbi c\u00e1c doanh nghi\u1ec7p s\u1ea3n xu\u1ea5t G\u1ea1ch Ng\u00f3i pha tr\u1ed9n h\u1ed7n h\u1ee3p t\u1eeb \u0111\u1ea5t s\u00e9t, \u0111\u00e1 gh\u1ec1nh non, b\u1ed9t than tro, v.v.. M\u00e1y n\u00e0y c\u00f3 ch\u1ea5t l\u01b0\u1ee3ng t\u1ed1t, dung l\u01b0\u1ee3ng l\u1edbn, hi\u1ec7u qu\u1ea3 tr\u1ed9n r\u1ea5t cao, l\u00e0 thi\u1ebft b\u1ecb l\u00fd t\u01b0\u1edfng cho vi\u1ec7c s\u1ea3n xu\u1ea5t nguy\u00ean li\u1ec7u G\u1ea1ch Tuynel.<\/p>\n<\/div>\n","protected":false},"featured_media":134,"comment_status":"open","ping_status":"closed","template":"","meta":{"om_disable_all_campaigns":false,"_monsterinsights_skip_tracking":false,"_monsterinsights_sitenote_active":false,"_monsterinsights_sitenote_note":"","_monsterinsights_sitenote_category":0,"_uf_show_specific_survey":0,"_uf_disable_surveys":false},"product_cat":[22],"product_tag":[],"aioseo_notices":[],"jetpack_sharing_enabled":true,"_links":{"self":[{"href":"https:\/\/luyenkim.com.vn\/index.php\/wp-json\/wp\/v2\/product\/171"}],"collection":[{"href":"https:\/\/luyenkim.com.vn\/index.php\/wp-json\/wp\/v2\/product"}],"about":[{"href":"https:\/\/luyenkim.com.vn\/index.php\/wp-json\/wp\/v2\/types\/product"}],"replies":[{"embeddable":true,"href":"https:\/\/luyenkim.com.vn\/index.php\/wp-json\/wp\/v2\/comments?post=171"}],"wp:featuredmedia":[{"embeddable":true,"href":"https:\/\/luyenkim.com.vn\/index.php\/wp-json\/wp\/v2\/media\/134"}],"wp:attachment":[{"href":"https:\/\/luyenkim.com.vn\/index.php\/wp-json\/wp\/v2\/media?parent=171"}],"wp:term":[{"taxonomy":"product_cat","embeddable":true,"href":"https:\/\/luyenkim.com.vn\/index.php\/wp-json\/wp\/v2\/product_cat?post=171"},{"taxonomy":"product_tag","embeddable":true,"href":"https:\/\/luyenkim.com.vn\/index.php\/wp-json\/wp\/v2\/product_tag?post=171"}],"curies":[{"name":"wp","href":"https:\/\/api.w.org\/{rel}","templated":true}]}}