{"id":269,"date":"2024-05-31T02:40:11","date_gmt":"2024-05-31T02:40:11","guid":{"rendered":"https:\/\/luyenkim.com.vn\/?post_type=product&#038;p=269"},"modified":"2024-05-31T02:43:29","modified_gmt":"2024-05-31T02:43:29","slug":"may-dun-chan-khong-2-cap","status":"publish","type":"product","link":"https:\/\/luyenkim.com.vn\/index.php\/product\/may-dun-chan-khong-2-cap\/","title":{"rendered":"M\u00e1y \u0111\u00f9n ch\u00e2n kh\u00f4ng 2 c\u1ea5p"},"content":{"rendered":"<div class=\"market_inner element\">\n<div class=\"content-map element\">\n<div class=\"element\">\n<div class=\"title-content element\">\n<h3 id=\"element_1669022413605\" class=\"element\">M\u00f4 t\u1ea3 th\u00f4ng s\u1ed1 k\u1ef9 thu\u1eadt<\/h3>\n<\/div>\n<\/div>\n<\/div>\n<\/div>\n<div id=\"element_1669022413592\" class=\"element\">\n<p class=\"element\">\n<table class=\"mw-wysiwyg-table  p-t-30 \" style=\"height: 252px;\" width=\"582\">\n<tbody id=\"mw-selector-1669003502677\">\n<tr id=\"mw-selector-1669003502663\">\n<td id=\"mw-selector-1669003502674\">TH\u00d4NG S\u1ed0 K\u1ef8 THU\u1eacT<\/td>\n<td id=\"mw-selector-1669003502681\">\u00a0\u0110\u01a0N V\u1eca<\/td>\n<td id=\"mw-selector-1669003502671\">LK75\/65<\/td>\n<\/tr>\n<tr id=\"mw-selector-1669003502728\">\n<td id=\"mw-selector-1669003502686\">N\u0103ng l\u1ef1c s\u1ea3n xu\u1ea5t<\/td>\n<td id=\"mw-selector-1669003502666\">pcs\/h<\/td>\n<td id=\"mw-selector-1669003502716\">30.000 &#8211; 45.000<\/td>\n<\/tr>\n<tr id=\"mw-selector-1669003502731\">\n<td id=\"mw-selector-1669003502692\">\u00a0\u00c1p l\u1ef1c \u0111\u00f9n cho ph\u00e9p<\/td>\n<td id=\"mw-selector-1669003502701\">Mpa<\/td>\n<td id=\"mw-selector-1669003502713\">4.0<\/td>\n<\/tr>\n<tr>\n<td id=\"mw-selector-1669003502695\">\u00a0\u0110\u1ed9 \u1ea9m th\u00e0nh h\u00ecnh<\/td>\n<td id=\"mw-selector-1669003502704\">%<\/td>\n<td id=\"mw-selector-1669003502719\">12 &#8211; 18<\/td>\n<\/tr>\n<tr id=\"mw-selector-1669003502734\">\n<td id=\"mw-selector-1669003502698\">\u00a0\u0110\u1ed9 ch\u00e2n kh\u00f4ng<\/td>\n<td id=\"mw-selector-1669003502707\">Mpa<\/td>\n<td id=\"mw-selector-1669003502722\">=&lt; -0.092<\/td>\n<\/tr>\n<tr>\n<td id=\"mw-selector-1669003502689\">\u00a0T\u1ed5ng c\u00f4ng su\u1ea5t<\/td>\n<td id=\"mw-selector-1669003502710\">kw<\/td>\n<td id=\"mw-selector-1669003502725\">315 + 90<\/td>\n<\/tr>\n<tr>\n<td><\/td>\n<td><\/td>\n<td><\/td>\n<\/tr>\n<tr>\n<td><\/td>\n<td><\/td>\n<td><\/td>\n<\/tr>\n<\/tbody>\n<\/table>\n<\/div>\n","protected":false},"excerpt":{"rendered":"<p>Thi\u1ebft b\u1ecb n\u00e0y \u0111\u01b0\u1ee3c ch\u1ebf t\u1ea1o theo c\u00f4ng ngh\u1ec7 \u0111\u00f9n b\u00e1n d\u1ebbo ch\u00e2n kh\u00f4ng c\u1ee7a M\u1ef9. \u0110\u1ea7u \u0111\u00f9n \u0111\u01b0\u1ee3c l\u1eafp h\u1ed9p gi\u1ea3m t\u1ed1c b\u00e1nh r\u0103ng c\u1ee9ng, th\u1eddi gian b\u1ea3o h\u00e0nh m\u1ed9t n\u0103m. S\u1ea3n l\u01b0\u1ee3ng l\u1edbn, \u00edt hao m\u00f2n, \u00e1p l\u1ef1c \u0111\u00f9n l\u1edbn gi\u00fap t\u0103ng \u0111\u1ed9 c\u1ee9ng c\u1ee7a g\u1ea1ch m\u1ed9c. Thi\u1ebft b\u1ecb th\u00edch h\u1ee3p khi s\u1eed d\u1ee5ng c\u00e1c lo\u1ea1i nguy\u00ean li\u1ec7u nh\u01b0: \u0111\u1ea5t \u0111\u1ed3i, \u0111\u00e1 gh\u1ec1nh, than x\u00edt, x\u1ec9 than, tro bay, x\u1ec9 qu\u1eb7ng, b\u00f9n th\u1ea3i v.v\u2026 \u0111\u1ec3 \u0111\u00f9n \u00e9p c\u00e1c lo\u1ea1i g\u1ea1ch \u0111\u1eb7c, l\u1ed7, nhi\u1ec1u l\u1ed7.<\/p>\n","protected":false},"featured_media":270,"comment_status":"open","ping_status":"closed","template":"","meta":{"om_disable_all_campaigns":false,"_monsterinsights_skip_tracking":false,"_monsterinsights_sitenote_active":false,"_monsterinsights_sitenote_note":"","_monsterinsights_sitenote_category":0,"_uf_show_specific_survey":0,"_uf_disable_surveys":false},"product_cat":[22],"product_tag":[],"aioseo_notices":[],"jetpack_sharing_enabled":true,"_links":{"self":[{"href":"https:\/\/luyenkim.com.vn\/index.php\/wp-json\/wp\/v2\/product\/269"}],"collection":[{"href":"https:\/\/luyenkim.com.vn\/index.php\/wp-json\/wp\/v2\/product"}],"about":[{"href":"https:\/\/luyenkim.com.vn\/index.php\/wp-json\/wp\/v2\/types\/product"}],"replies":[{"embeddable":true,"href":"https:\/\/luyenkim.com.vn\/index.php\/wp-json\/wp\/v2\/comments?post=269"}],"wp:featuredmedia":[{"embeddable":true,"href":"https:\/\/luyenkim.com.vn\/index.php\/wp-json\/wp\/v2\/media\/270"}],"wp:attachment":[{"href":"https:\/\/luyenkim.com.vn\/index.php\/wp-json\/wp\/v2\/media?parent=269"}],"wp:term":[{"taxonomy":"product_cat","embeddable":true,"href":"https:\/\/luyenkim.com.vn\/index.php\/wp-json\/wp\/v2\/product_cat?post=269"},{"taxonomy":"product_tag","embeddable":true,"href":"https:\/\/luyenkim.com.vn\/index.php\/wp-json\/wp\/v2\/product_tag?post=269"}],"curies":[{"name":"wp","href":"https:\/\/api.w.org\/{rel}","templated":true}]}}