{"id":277,"date":"2024-05-31T02:50:30","date_gmt":"2024-05-31T02:50:30","guid":{"rendered":"https:\/\/luyenkim.com.vn\/?post_type=product&#038;p=277"},"modified":"2025-08-23T16:30:54","modified_gmt":"2025-08-23T16:30:54","slug":"may-cap-lieu-dang-thung","status":"publish","type":"product","link":"https:\/\/luyenkim.com.vn\/index.php\/product\/may-cap-lieu-dang-thung\/","title":{"rendered":"M\u00e1y c\u1ea5p li\u1ec7u d\u1ea1ng th\u00f9ng"},"content":{"rendered":"","protected":false},"excerpt":{"rendered":"<div class=\"edit element\">\n<p id=\"element_1669094557274\" class=\"element\">M\u00e1y c\u1ea5p li\u1ec7u d\u1ea1ng th\u00f9ng l\u00e0 thi\u1ebft b\u1ecb ch\u1ee9a li\u1ec7u h\u1ed7 tr\u1ee3 cho vi\u1ec7c truy\u1ec1n li\u1ec7u, s\u1eed d\u1ee5ng \u0111\u1ed9ng c\u01a1 7.5KW, th\u00f4ng qua h\u1ed9p gi\u1ea3m t\u1ed1c truy\u1ec1n \u0111\u1ed9ng t\u1edbi h\u1ec7 th\u1ed1ng con l\u0103n ch\u1ee7 \u0111\u1ed9ng, k\u00e9o theo b\u0103ng cao su t\u1ea3i r\u1ed9ng di chuy\u1ec3n li\u00ean t\u1ee5c \u0111\u1ed3ng \u0111\u1ec1u v\u1edbi t\u1ed1c \u0111\u1ed9 th\u1ea5p \u0111\u1ec3 \u0111\u1ea1t \u0111\u01b0\u1ee3c m\u1ee5c \u0111\u00edch chuy\u1ec3n c\u1ea5p nguy\u00ean li\u1ec7u. S\u1ebd chuy\u1ec3n c\u1ea5p nguy\u00ean li\u1ec7u r\u1eddi t\u1eeb kho tr\u1eef li\u1ec7u ho\u1eb7c kho \u1ee7 li\u1ec7u \u0111\u1ebfn nh\u1eefng thi\u1ebft b\u1ecb \u1edf ph\u00eda sau. M\u00e1y c\u00f3 k\u1ebft c\u1ea5u v\u1eefng ch\u00e3i, ho\u1ea1t \u0111\u1ed9ng \u1ed5n \u0111\u1ecbnh, t\u00ednh n\u0103ng \u0111\u00e1ng tin c\u1eady, thu\u1eadn ti\u1ec7n cho vi\u1ec7c thao t\u00e1c v\u00e0 b\u1ea3o tr\u00ec.<\/p>\n<\/div>\n","protected":false},"featured_media":278,"comment_status":"open","ping_status":"closed","template":"","meta":{"om_disable_all_campaigns":false,"_monsterinsights_skip_tracking":false,"_monsterinsights_sitenote_active":false,"_monsterinsights_sitenote_note":"","_monsterinsights_sitenote_category":0,"_uf_show_specific_survey":0,"_uf_disable_surveys":false},"product_cat":[22],"product_tag":[],"aioseo_notices":[],"jetpack_sharing_enabled":true,"_links":{"self":[{"href":"https:\/\/luyenkim.com.vn\/index.php\/wp-json\/wp\/v2\/product\/277"}],"collection":[{"href":"https:\/\/luyenkim.com.vn\/index.php\/wp-json\/wp\/v2\/product"}],"about":[{"href":"https:\/\/luyenkim.com.vn\/index.php\/wp-json\/wp\/v2\/types\/product"}],"replies":[{"embeddable":true,"href":"https:\/\/luyenkim.com.vn\/index.php\/wp-json\/wp\/v2\/comments?post=277"}],"wp:featuredmedia":[{"embeddable":true,"href":"https:\/\/luyenkim.com.vn\/index.php\/wp-json\/wp\/v2\/media\/278"}],"wp:attachment":[{"href":"https:\/\/luyenkim.com.vn\/index.php\/wp-json\/wp\/v2\/media?parent=277"}],"wp:term":[{"taxonomy":"product_cat","embeddable":true,"href":"https:\/\/luyenkim.com.vn\/index.php\/wp-json\/wp\/v2\/product_cat?post=277"},{"taxonomy":"product_tag","embeddable":true,"href":"https:\/\/luyenkim.com.vn\/index.php\/wp-json\/wp\/v2\/product_tag?post=277"}],"curies":[{"name":"wp","href":"https:\/\/api.w.org\/{rel}","templated":true}]}}